{"id":83,"date":"2020-01-14T18:46:47","date_gmt":"2020-01-14T17:46:47","guid":{"rendered":"https:\/\/kennelyake.dk\/?page_id=83"},"modified":"2020-02-11T15:23:48","modified_gmt":"2020-02-11T14:23:48","slug":"om-os","status":"publish","type":"page","link":"https:\/\/kennelyake.dk\/?page_id=83","title":{"rendered":"Om Os"},"content":{"rendered":"\t\t<div data-elementor-type=\"wp-page\" data-elementor-id=\"83\" class=\"elementor elementor-83\">\n\t\t\t\t\t\t<section class=\"elementor-section elementor-top-section elementor-element elementor-element-ac32f2e elementor-section-content-middle elementor-section-boxed elementor-section-height-default elementor-section-height-default\" data-id=\"ac32f2e\" data-element_type=\"section\" data-e-type=\"section\" data-settings=\"{&quot;background_background&quot;:&quot;classic&quot;}\">\n\t\t\t\t\t\t\t<div class=\"elementor-background-overlay\"><\/div>\n\t\t\t\t\t\t\t<div class=\"elementor-container elementor-column-gap-default\">\n\t\t\t\t\t<div class=\"elementor-column elementor-col-100 elementor-top-column elementor-element elementor-element-9bff454\" data-id=\"9bff454\" data-element_type=\"column\" data-e-type=\"column\">\n\t\t\t<div class=\"elementor-widget-wrap\">\n\t\t\t\t\t\t\t<\/div>\n\t\t<\/div>\n\t\t\t\t\t<\/div>\n\t\t<\/section>\n\t\t\t\t<section class=\"elementor-section elementor-top-section elementor-element elementor-element-5f2f3b3 elementor-section-boxed elementor-section-height-default elementor-section-height-default\" data-id=\"5f2f3b3\" data-element_type=\"section\" data-e-type=\"section\">\n\t\t\t\t\t\t<div class=\"elementor-container elementor-column-gap-default\">\n\t\t\t\t\t<div class=\"elementor-column elementor-col-100 elementor-top-column elementor-element elementor-element-9479bbd\" data-id=\"9479bbd\" data-element_type=\"column\" data-e-type=\"column\">\n\t\t\t<div class=\"elementor-widget-wrap elementor-element-populated\">\n\t\t\t\t\t\t<div class=\"elementor-element elementor-element-59eb012 elementor-widget elementor-widget-spacer\" data-id=\"59eb012\" data-element_type=\"widget\" data-e-type=\"widget\" data-widget_type=\"spacer.default\">\n\t\t\t\t<div class=\"elementor-widget-container\">\n\t\t\t\t\t\t\t<div class=\"elementor-spacer\">\n\t\t\t<div class=\"elementor-spacer-inner\"><\/div>\n\t\t<\/div>\n\t\t\t\t\t\t<\/div>\n\t\t\t\t<\/div>\n\t\t\t\t\t<\/div>\n\t\t<\/div>\n\t\t\t\t\t<\/div>\n\t\t<\/section>\n\t\t\t\t<section class=\"elementor-section elementor-top-section elementor-element elementor-element-44b3f9f elementor-section-boxed elementor-section-height-default elementor-section-height-default elementor-invisible\" data-id=\"44b3f9f\" data-element_type=\"section\" data-e-type=\"section\" data-settings=\"{&quot;animation&quot;:&quot;fadeInLeft&quot;}\">\n\t\t\t\t\t\t<div class=\"elementor-container elementor-column-gap-default\">\n\t\t\t\t\t<div class=\"elementor-column elementor-col-100 elementor-top-column elementor-element elementor-element-0eaa706\" data-id=\"0eaa706\" data-element_type=\"column\" data-e-type=\"column\">\n\t\t\t<div class=\"elementor-widget-wrap elementor-element-populated\">\n\t\t\t\t\t\t<section class=\"elementor-section elementor-inner-section elementor-element elementor-element-aae645c elementor-section-content-middle elementor-section-boxed elementor-section-height-default elementor-section-height-default\" data-id=\"aae645c\" data-element_type=\"section\" data-e-type=\"section\">\n\t\t\t\t\t\t<div class=\"elementor-container elementor-column-gap-no\">\n\t\t\t\t\t<div class=\"elementor-column elementor-col-50 elementor-inner-column elementor-element elementor-element-63d7218\" data-id=\"63d7218\" data-element_type=\"column\" data-e-type=\"column\">\n\t\t\t<div class=\"elementor-widget-wrap elementor-element-populated\">\n\t\t\t\t\t\t<div class=\"elementor-element elementor-element-d8e2782 elementor-widget elementor-widget-animated-headline\" data-id=\"d8e2782\" data-element_type=\"widget\" data-e-type=\"widget\" data-widget_type=\"animated-headline.default\">\n\t\t\t\t<div class=\"elementor-widget-container\">\n\t\t\t\t\t \t\t\t\t<\/div>\n\t\t\t\t<\/div>\n\t\t\t\t<div class=\"elementor-element elementor-element-5de1b5c elementor-widget elementor-widget-text-editor\" data-id=\"5de1b5c\" data-element_type=\"widget\" data-e-type=\"widget\" data-widget_type=\"text-editor.default\">\n\t\t\t\t<div class=\"elementor-widget-container\">\n\t\t\t\t\t\t\t\t\t<div class=\"page\" title=\"Page 1\"><div class=\"layoutArea\"><div class=\"column\"><div class=\"page\" title=\"Page 1\"><div class=\"layoutArea\"><div class=\"column\"><div class=\"page\" title=\"Page 1\"><div class=\"layoutArea\"><div class=\"column\"><div class=\"page\" title=\"Page 2\"><div class=\"layoutArea\"><div class=\"column\"><div class=\"page\" title=\"Page 1\"><div class=\"layoutArea\"><div class=\"column\"><p>Min intresse for hunde har jeg haft med hjemme fra min Bedstefar og Mormor. De havde mange hunde der hjemme, det var ikke altid de hunde der havde haft et godt liv de modtog. Det var b\u00e5de fine rasce hunde og blandinger de fik. De fant altid et hjem hvor hund og hundeejer passede samme. Kunne der ikke findes et nyt hjem blev de ved min Bedstefar.<\/p><p>Da jeg selv havde mulighed for at havde min egen hund, faldt det p\u00e5 en blandings hund og en hvid pudel hund, som gik sammen med mine b\u00f8rn. Derefter fik jeg min f\u00f8rste Scant Bernerthan som var en stor dreng, ham havde vi i 8 \u00e5r. S\u00e5 kom der en Houski. Bernhart og en blandet Jagt hund ind i familien, alle tre var hanner. De gik sammen med b\u00f8rnene og var med p\u00e5 Camping. Bernharten m\u00e5tte vi sige farvel til, da den havde D\u00e5rlig hjerte, lige s\u00e5 med blanding. Der kom en lille ny ind i hjemmet for 30 \u00e5r siden, det var en lille Rottweiler t\u00e6ve. Efterf\u00f8lgende kom den f\u00f8rste Rottweiler han med tavle ind familien, som vi m\u00e5tte sige farvel til da den va ca 10,5 m\u00e5ner, hvor den kn\u00e6kke sammen af HD. Vi ledte efter en ny Rottweiler, var rundt mange steder og se p\u00e5 hvalpe. Vi var blevet klogere, s\u00e5 det skulle v\u00e6re en med tavlen ren for HD. Den fandt vi oppe hos Kennel Viendelsbo, hvor jeg fik Yake. Yake blev mor til mine f\u00f8rst to kuld Rottweiler hvalpe. Et halv \u00e5r sener fik Ulla hvalpe igen, s\u00e5 jeg bestilte en Rottweiler t\u00e6ve som kom til at hedde Zindi. Hun er stammor til mine hunde i dag. Mine b\u00f8rneb\u00f8rn er opvokset med mine Rottweiler.<\/p><p>Jeg fik mit Kennelm\u00e6rke den 13. maj 1993 og har opdr\u00e6ttet flere kuld. Er nu kommet til mit T Kuld 2020. Jeg har aldrig ville v\u00e6re den store opdr\u00e6tter med mange kuld hver \u00e5r. Det er vigtigt for mig at jeg kun bruger hunde med HD A- eller HD B. AD skal ogs\u00e5 v\u00e6re s\u00e5 lav som mugligt, max AD 1 da b\u00e5de HD og AD er arvelig. Rottweilere har fyldt de siste 30 \u00e5r, ogs\u00e5 mine b\u00f8rn og b\u00f8rneb\u00f8rn er opvokset med dem. Ulla Mogsen forslog at jeg s\u00f8gte om at f\u00e5 kennelm\u00e6rke, og det har jeg haft lige siden.<\/p><\/div><\/div><\/div><\/div><\/div><\/div><\/div><\/div><\/div><\/div><\/div><\/div><\/div><\/div><\/div>\t\t\t\t\t\t\t\t<\/div>\n\t\t\t\t<\/div>\n\t\t\t\t\t<\/div>\n\t\t<\/div>\n\t\t\t\t<div class=\"elementor-column elementor-col-50 elementor-inner-column elementor-element elementor-element-e3c5aec elementor-hidden-phone elementor-invisible\" data-id=\"e3c5aec\" data-element_type=\"column\" data-e-type=\"column\" data-settings=\"{&quot;background_background&quot;:&quot;classic&quot;,&quot;animation&quot;:&quot;fadeInLeft&quot;}\">\n\t\t\t<div class=\"elementor-widget-wrap elementor-element-populated\">\n\t\t\t\t\t\t<div class=\"elementor-element elementor-element-2513ab3 elementor-widget elementor-widget-image\" data-id=\"2513ab3\" data-element_type=\"widget\" data-e-type=\"widget\" data-widget_type=\"image.default\">\n\t\t\t\t<div class=\"elementor-widget-container\">\n\t\t\t\t\t\t\t\t\t\t\t\t\t\t\t<img fetchpriority=\"high\" decoding=\"async\" width=\"726\" height=\"934\" src=\"https:\/\/kennelyake.dk\/wp-content\/uploads\/2020\/02\/P1040590-2.jpg\" class=\"attachment-large size-large wp-image-344\" alt=\"\" srcset=\"https:\/\/kennelyake.dk\/wp-content\/uploads\/2020\/02\/P1040590-2.jpg 726w, https:\/\/kennelyake.dk\/wp-content\/uploads\/2020\/02\/P1040590-2-233x300.jpg 233w\" sizes=\"(max-width: 726px) 100vw, 726px\" \/>\t\t\t\t\t\t\t\t\t\t\t\t\t\t\t<\/div>\n\t\t\t\t<\/div>\n\t\t\t\t\t<\/div>\n\t\t<\/div>\n\t\t\t\t\t<\/div>\n\t\t<\/section>\n\t\t\t\t\t<\/div>\n\t\t<\/div>\n\t\t\t\t\t<\/div>\n\t\t<\/section>\n\t\t\t\t<\/div>\n\t\t","protected":false},"excerpt":{"rendered":"<p>Om Min intresse for hunde har jeg haft med hjemme fra min Bedstefar og Mormor. De havde mange hunde der hjemme, det var ikke altid de hunde der havde haft et godt liv de modtog. Det var b\u00e5de fine rasce hunde og blandinger de fik. De fant altid et hjem hvor hund og hundeejer passede [&hellip;]<\/p>\n","protected":false},"author":2,"featured_media":0,"parent":0,"menu_order":0,"comment_status":"closed","ping_status":"closed","template":"","meta":{"footnotes":""},"class_list":["post-83","page","type-page","status-publish","hentry"],"_links":{"self":[{"href":"https:\/\/kennelyake.dk\/index.php?rest_route=\/wp\/v2\/pages\/83","targetHints":{"allow":["GET"]}}],"collection":[{"href":"https:\/\/kennelyake.dk\/index.php?rest_route=\/wp\/v2\/pages"}],"about":[{"href":"https:\/\/kennelyake.dk\/index.php?rest_route=\/wp\/v2\/types\/page"}],"author":[{"embeddable":true,"href":"https:\/\/kennelyake.dk\/index.php?rest_route=\/wp\/v2\/users\/2"}],"replies":[{"embeddable":true,"href":"https:\/\/kennelyake.dk\/index.php?rest_route=%2Fwp%2Fv2%2Fcomments&post=83"}],"version-history":[{"count":11,"href":"https:\/\/kennelyake.dk\/index.php?rest_route=\/wp\/v2\/pages\/83\/revisions"}],"predecessor-version":[{"id":370,"href":"https:\/\/kennelyake.dk\/index.php?rest_route=\/wp\/v2\/pages\/83\/revisions\/370"}],"wp:attachment":[{"href":"https:\/\/kennelyake.dk\/index.php?rest_route=%2Fwp%2Fv2%2Fmedia&parent=83"}],"curies":[{"name":"wp","href":"https:\/\/api.w.org\/{rel}","templated":true}]}}